{"id":314,"date":"2021-11-02T13:13:16","date_gmt":"2021-11-02T12:13:16","guid":{"rendered":"http:\/\/strefaruchu.com\/luban\/?page_id=314"},"modified":"2022-03-08T21:55:45","modified_gmt":"2022-03-08T20:55:45","slug":"strefa-cross","status":"publish","type":"page","link":"https:\/\/strefaruchu.com\/luban\/strefa-cross\/","title":{"rendered":"Strefa Cross"},"content":{"rendered":"\n<div class=\"wp-block-themeisle-blocks-advanced-columns alignfull has-1-columns has-desktop-equal-layout has-tablet-equal-layout has-mobile-equal-layout has-default-gap has-vertical-center\" id=\"wp-block-themeisle-blocks-advanced-columns-4e0d671d\"><div class=\"wp-block-themeisle-blocks-advanced-columns-overlay\"><\/div><div class=\"innerblocks-wrap\">\n<div class=\"wp-block-themeisle-blocks-advanced-column\" id=\"wp-block-themeisle-blocks-advanced-column-d4d96d4a\">\n<h1 id=\"wp-block-themeisle-blocks-advanced-heading-6297c131\" class=\"wp-block-themeisle-blocks-advanced-heading wp-block-themeisle-blocks-advanced-heading-6297c131\">Strefa Cross<\/h1>\n<\/div>\n<\/div><\/div>\n\n\n\n\n\n<section class=\"wp-block-themeisle-blocks-advanced-columns alignfull has-1-columns has-desktop-equal-layout has-tablet-equal-layout has-mobile-equal-layout has-nogap-gap has-vertical-flex-start\" id=\"wp-block-themeisle-blocks-advanced-columns-0a508e8d\"><div class=\"wp-block-themeisle-blocks-advanced-columns-overlay\"><\/div><div class=\"innerblocks-wrap\">\n<div class=\"wp-block-themeisle-blocks-advanced-column\" id=\"wp-block-themeisle-blocks-advanced-column-c5ce68ad\">\n<section class=\"wp-block-themeisle-blocks-advanced-columns has-2-columns has-desktop-equal-layout has-tablet-equal-layout has-mobile-collapsedRows-layout has-nogap-gap has-vertical-flex-start\" id=\"wp-block-themeisle-blocks-advanced-columns-ba5ece66\"><div class=\"wp-block-themeisle-blocks-advanced-columns-overlay\"><\/div><div class=\"innerblocks-wrap\">\n<div class=\"wp-block-themeisle-blocks-advanced-column\" id=\"wp-block-themeisle-blocks-advanced-column-211f2643\">\n<h2 class=\"has-text-align-left wp-block-heading\">Strefa Cross &#8211; gotowi na wycisk?<\/h2>\n\n\n\n<p>Miejsce, stworzone specjalnie do trening\u00f3w Cross. Profesjonalne wyposa\u017cenie daj\u0105ce ogromne mo\u017cliwo\u015bci. Klatka z dr\u0105\u017ckami, sztangi z obci\u0105\u017ceniem, k\u00f3\u0142ka gimnastyczne, skrzynie plyometryczne, kettlebell, dipy, liny i wiele innych. Miejsce gdzie poza zaj\u0119ciami prowadzonymi przez wykwalifikowanych instruktor\u00f3w mo\u017cesz zrobi\u0107 indywidualnie sw\u00f3j najmocniejszy trening. &nbsp;Sprawd\u017a si\u0119!<\/p>\n<\/div>\n\n\n\n<div class=\"wp-block-themeisle-blocks-advanced-column\" id=\"wp-block-themeisle-blocks-advanced-column-5a6085a7\"><\/div>\n<\/div><\/section>\n\n\n\n<section class=\"wp-block-themeisle-blocks-advanced-columns has-2-columns has-desktop-equal-layout has-tablet-equal-layout has-mobile-collapsedRows-layout has-nogap-gap has-vertical-flex-start\" id=\"wp-block-themeisle-blocks-advanced-columns-f65eb702\"><div class=\"wp-block-themeisle-blocks-advanced-columns-overlay\"><\/div><div class=\"innerblocks-wrap\">\n<div class=\"wp-block-themeisle-blocks-advanced-column\" id=\"wp-block-themeisle-blocks-advanced-column-8ff5169c\">\n<h3 class=\"has-text-align-left wp-block-heading\">CROSS TRENING<\/h3>\n\n\n\n<p class=\"has-text-align-left\">Znudzeni tradycyjnymi treningami na salach fitness czy si\u0142owni? Proponujemy Wam now\u0105 ods\u0142on\u0119 treningu, kt\u00f3ra robi furor\u0119 w Stanach Zjednoczonych i na ca\u0142ym \u015bwiecie! Wysoka intensywno\u015b\u0107 \u0107wicze\u0144 i wykorzystanie ruch\u00f3w funkcjonalnych sprawia, \u017ce na tych zaj\u0119ciach poprawisz swoj\u0105 sprawno\u015b\u0107, spalisz zb\u0119dne kalorie i poprawisz wygl\u0105d ca\u0142ej sylwetki! Trening crossfit\u2019owy polecamy zar\u00f3wno pocz\u0105tkuj\u0105cym&nbsp;i zaawansowanym Panom, jak i Paniom.<\/p>\n<\/div>\n\n\n\n<div class=\"wp-block-themeisle-blocks-advanced-column\" id=\"wp-block-themeisle-blocks-advanced-column-51f4f5b7\"><\/div>\n<\/div><\/section>\n<\/div>\n<\/div><\/section>\n\n\n\n<div class=\"wp-block-themeisle-blocks-advanced-columns alignfull has-3-columns has-desktop-equal-layout has-tablet-equal-layout has-mobile-collapsedRows-layout has-default-gap has-vertical-center\" id=\"wp-block-themeisle-blocks-advanced-columns-5be898d6\"><div class=\"wp-block-themeisle-blocks-advanced-columns-overlay\"><\/div><div class=\"innerblocks-wrap\">\n<div class=\"wp-block-themeisle-blocks-advanced-column\" id=\"wp-block-themeisle-blocks-advanced-column-2082b1bd\">\n<figure class=\"wp-block-image size-large\"><img loading=\"lazy\" decoding=\"async\" width=\"360\" height=\"360\" src=\"http:\/\/strefaruchu.com\/luban\/wp-content\/uploads\/2019\/07\/neve-gym-demo-33.jpg\" alt=\"\" class=\"wp-image-122\"\/><\/figure>\n<\/div>\n\n\n\n<div class=\"wp-block-themeisle-blocks-advanced-column\" id=\"wp-block-themeisle-blocks-advanced-column-f6cba639\">\n<figure class=\"wp-block-image size-large\"><img loading=\"lazy\" decoding=\"async\" width=\"360\" height=\"360\" src=\"http:\/\/strefaruchu.com\/luban\/wp-content\/uploads\/2019\/07\/neve-gym-demo-27.jpg\" alt=\"\" class=\"wp-image-116\"\/><\/figure>\n<\/div>\n\n\n\n<div class=\"wp-block-themeisle-blocks-advanced-column\" id=\"wp-block-themeisle-blocks-advanced-column-4248076a\">\n<figure class=\"wp-block-image size-large\"><img loading=\"lazy\" decoding=\"async\" width=\"360\" height=\"360\" src=\"http:\/\/strefaruchu.com\/luban\/wp-content\/uploads\/2019\/07\/neve-gym-demo-28.jpg\" alt=\"\" class=\"wp-image-117\"\/><\/figure>\n<\/div>\n<\/div><\/div>\n\n\n\n<div class=\"wp-block-themeisle-blocks-advanced-columns alignfull has-3-columns has-desktop-equal-layout has-tablet-equal-layout has-mobile-collapsedRows-layout has-default-gap has-vertical-unset\" id=\"wp-block-themeisle-blocks-advanced-columns-f0a94725\"><div class=\"wp-block-themeisle-blocks-advanced-columns-overlay\"><\/div><div class=\"innerblocks-wrap\">\n<div class=\"wp-block-themeisle-blocks-advanced-column\" id=\"wp-block-themeisle-blocks-advanced-column-25bfa823\">\n<div class=\"wp-block-themeisle-blocks-service\">\n<p class=\"wp-block-themeisle-blocks-font-awesome-icons\" id=\"wp-block-themeisle-blocks-font-awesome-icons-4f678399\"><span class=\"wp-block-themeisle-blocks-font-awesome-icons-container\"><i class=\"far fa-check-circle\"><\/i><\/span><\/p>\n\n\n\n<h4 id=\"wp-block-themeisle-blocks-advanced-heading-c7348888\" class=\"wp-block-themeisle-blocks-advanced-heading wp-block-themeisle-blocks-advanced-heading-c7348888\">Do\u015bwiadczenie<\/h4>\n\n\n\n<p id=\"wp-block-themeisle-blocks-advanced-heading-6e3b9637\" class=\"wp-block-themeisle-blocks-advanced-heading wp-block-themeisle-blocks-advanced-heading-6e3b9637\">Posiadamy wieloletnie do\u015bwiadczenie w bran\u017cy fitness.<\/p>\n<\/div>\n<\/div>\n\n\n\n<div class=\"wp-block-themeisle-blocks-advanced-column\" id=\"wp-block-themeisle-blocks-advanced-column-06e22a0d\">\n<p class=\"wp-block-themeisle-blocks-font-awesome-icons\" id=\"wp-block-themeisle-blocks-font-awesome-icons-cba6d337\"><span class=\"wp-block-themeisle-blocks-font-awesome-icons-container\"><i class=\"far fa-check-circle\"><\/i><\/span><\/p>\n\n\n\n<h4 id=\"wp-block-themeisle-blocks-advanced-heading-6e563018\" class=\"wp-block-themeisle-blocks-advanced-heading wp-block-themeisle-blocks-advanced-heading-6e563018\">Profesjonalizm<\/h4>\n\n\n\n<p id=\"wp-block-themeisle-blocks-advanced-heading-1466e2b1\" class=\"wp-block-themeisle-blocks-advanced-heading wp-block-themeisle-blocks-advanced-heading-1466e2b1\">W Strefie Ruchu oddajemy do Waszej dyspozycji najnowszy sprz\u0119t.<\/p>\n<\/div>\n\n\n\n<div class=\"wp-block-themeisle-blocks-advanced-column\" id=\"wp-block-themeisle-blocks-advanced-column-29c3c6e4\">\n<p class=\"wp-block-themeisle-blocks-font-awesome-icons\" id=\"wp-block-themeisle-blocks-font-awesome-icons-c6edd58d\"><span class=\"wp-block-themeisle-blocks-font-awesome-icons-container\"><i class=\"far fa-check-circle\"><\/i><\/span><\/p>\n\n\n\n<h4 id=\"wp-block-themeisle-blocks-advanced-heading-87227c4e\" class=\"wp-block-themeisle-blocks-advanced-heading wp-block-themeisle-blocks-advanced-heading-87227c4e\">Motywacja<\/h4>\n\n\n\n<p id=\"wp-block-themeisle-blocks-advanced-heading-d8c28154\" class=\"wp-block-themeisle-blocks-advanced-heading wp-block-themeisle-blocks-advanced-heading-d8c28154\">Nasi trenerzy odpowiednio zadbaj\u0105 i zmotywuj\u0105 Ciebie do zmian na lepsze!<\/p>\n<\/div>\n<\/div><\/div>\n\n\n\n<div class=\"wp-block-themeisle-blocks-advanced-columns alignfull has-2-columns has-desktop-equal-layout has-tablet-equal-layout has-mobile-collapsedRows-layout has-default-gap has-vertical-unset\" id=\"wp-block-themeisle-blocks-advanced-columns-223fe763\"><div class=\"wp-block-themeisle-blocks-advanced-columns-overlay\"><\/div><div class=\"innerblocks-wrap\">\n<div class=\"wp-block-themeisle-blocks-advanced-column\" id=\"wp-block-themeisle-blocks-advanced-column-e76aa28b\">\n<span id=\"wp-block-themeisle-blocks-advanced-heading-44761de2\" class=\"wp-block-themeisle-blocks-advanced-heading wp-block-themeisle-blocks-advanced-heading-44761de2\"><strong>NIE ODK\u0141ADAJ DECYZJI NA P\u00d3\u0179NIEJ<\/strong><\/span>\n\n\n\n<h2 id=\"wp-block-themeisle-blocks-advanced-heading-bdac4649\" class=\"wp-block-themeisle-blocks-advanced-heading wp-block-themeisle-blocks-advanced-heading-bdac4649\">Zapisz si\u0119 ju\u017c teraz na zaj\u0119cia Cross!<\/h2>\n<\/div>\n\n\n\n<div class=\"wp-block-themeisle-blocks-advanced-column\" id=\"wp-block-themeisle-blocks-advanced-column-6f1f72a1\">\n<div class=\"wp-block-buttons is-horizontal is-content-justification-center is-layout-flex wp-container-core-buttons-is-layout-499968f5 wp-block-buttons-is-layout-flex\">\n<div class=\"wp-block-button is-style-primary\"><a class=\"wp-block-button__link\" href=\"http:\/\/strefaruchu.com\/luban\/groups\/\">PRZEJD\u0179 DO ZAPIS\u00d3W NA ZAJ\u0118CIA<\/a><\/div>\n<\/div>\n<\/div>\n<\/div><\/div>\n\n\n\n<div class=\"wp-block-themeisle-blocks-advanced-columns alignfull has-2-columns has-desktop-equal-layout has-tablet-equal-layout has-mobile-collapsedRows-layout has-default-gap has-vertical-center\" id=\"wp-block-themeisle-blocks-advanced-columns-d71dbe7f\"><div class=\"wp-block-themeisle-blocks-advanced-columns-overlay\"><\/div><div class=\"innerblocks-wrap\">\n<div class=\"wp-block-themeisle-blocks-advanced-column\" id=\"wp-block-themeisle-blocks-advanced-column-11f00c69\">\n<span id=\"wp-block-themeisle-blocks-advanced-heading-254febeb\" class=\"wp-block-themeisle-blocks-advanced-heading wp-block-themeisle-blocks-advanced-heading-254febeb\"><strong>STREFA RUCHU <strong>LUBA\u0143<\/strong><\/strong><\/span>\n\n\n\n<h2 id=\"wp-block-themeisle-blocks-advanced-heading-ba8a9dc4\" class=\"wp-block-themeisle-blocks-advanced-heading wp-block-themeisle-blocks-advanced-heading-ba8a9dc4\">Odwied\u017a nas!<\/h2>\n\n\n\n<span id=\"wp-block-themeisle-blocks-advanced-heading-4fce5c34\" class=\"wp-block-themeisle-blocks-advanced-heading wp-block-themeisle-blocks-advanced-heading-4fce5c34\"><strong>GODZINY OTWARCIA<\/strong><\/span>\n\n\n\n<p class=\"has-white-color has-text-color\">Poniedzia\u0142ek \u2013 Pi\u0105tek: 8:00 \u2013 22:00<br>Sobota: 9:00 \u2013 20:00<br>Niedziela: 10:00 \u2013 18:00<\/p>\n\n\n\n<h3 class=\"has-neve-link-color-color has-text-color wp-block-heading\">tel. 729 842 720<\/h3>\n\n\n\n<span id=\"wp-block-themeisle-blocks-advanced-heading-f5a611fb\" class=\"wp-block-themeisle-blocks-advanced-heading wp-block-themeisle-blocks-advanced-heading-f5a611fb\"><strong>kontakt@strefaruchu.com<\/strong><\/span>\n\n\n\n<span id=\"wp-block-themeisle-blocks-advanced-heading-b4549e36\" class=\"wp-block-themeisle-blocks-advanced-heading wp-block-themeisle-blocks-advanced-heading-b4549e36\"><strong><strong><strong>Adres<\/strong><br>ul. Tkacka 4, Luba\u0144<\/strong><\/strong><\/span>\n<\/div>\n\n\n\n<div class=\"wp-block-themeisle-blocks-advanced-column\" id=\"wp-block-themeisle-blocks-advanced-column-7abab17f\"><\/div>\n<\/div><\/div>\n","protected":false},"excerpt":{"rendered":"","protected":false},"author":1,"featured_media":0,"parent":0,"menu_order":0,"comment_status":"closed","ping_status":"closed","template":"page-templates\/template-pagebuilder-full-width.php","meta":{"neve_meta_sidebar":"full-width","neve_meta_container":"","neve_meta_enable_content_width":"on","neve_meta_content_width":100,"neve_meta_title_alignment":"","neve_meta_author_avatar":"","neve_post_elements_order":"","neve_meta_disable_header":"","neve_meta_disable_footer":"","neve_meta_disable_title":"","_themeisle_gutenberg_block_has_review":false,"footnotes":""},"class_list":["post-314","page","type-page","status-publish","hentry"],"_links":{"self":[{"href":"https:\/\/strefaruchu.com\/luban\/wp-json\/wp\/v2\/pages\/314","targetHints":{"allow":["GET"]}}],"collection":[{"href":"https:\/\/strefaruchu.com\/luban\/wp-json\/wp\/v2\/pages"}],"about":[{"href":"https:\/\/strefaruchu.com\/luban\/wp-json\/wp\/v2\/types\/page"}],"author":[{"embeddable":true,"href":"https:\/\/strefaruchu.com\/luban\/wp-json\/wp\/v2\/users\/1"}],"replies":[{"embeddable":true,"href":"https:\/\/strefaruchu.com\/luban\/wp-json\/wp\/v2\/comments?post=314"}],"version-history":[{"count":5,"href":"https:\/\/strefaruchu.com\/luban\/wp-json\/wp\/v2\/pages\/314\/revisions"}],"predecessor-version":[{"id":562,"href":"https:\/\/strefaruchu.com\/luban\/wp-json\/wp\/v2\/pages\/314\/revisions\/562"}],"wp:attachment":[{"href":"https:\/\/strefaruchu.com\/luban\/wp-json\/wp\/v2\/media?parent=314"}],"curies":[{"name":"wp","href":"https:\/\/api.w.org\/{rel}","templated":true}]}}