{"id":319,"date":"2021-11-02T13:24:20","date_gmt":"2021-11-02T12:24:20","guid":{"rendered":"http:\/\/strefaruchu.com\/luban\/?page_id=319"},"modified":"2022-03-08T21:55:39","modified_gmt":"2022-03-08T20:55:39","slug":"strefa-pole-dance","status":"publish","type":"page","link":"https:\/\/strefaruchu.com\/luban\/strefa-pole-dance\/","title":{"rendered":"Strefa Pole Dance"},"content":{"rendered":"\n<div class=\"wp-block-themeisle-blocks-advanced-columns alignfull has-1-columns has-desktop-equal-layout has-tablet-equal-layout has-mobile-equal-layout has-default-gap has-vertical-center\" id=\"wp-block-themeisle-blocks-advanced-columns-4e0d671d\"><div class=\"wp-block-themeisle-blocks-advanced-columns-overlay\"><\/div><div class=\"innerblocks-wrap\">\n<div class=\"wp-block-themeisle-blocks-advanced-column\" id=\"wp-block-themeisle-blocks-advanced-column-d4d96d4a\">\n<h1 id=\"wp-block-themeisle-blocks-advanced-heading-6297c131\" class=\"wp-block-themeisle-blocks-advanced-heading wp-block-themeisle-blocks-advanced-heading-6297c131\">Strefa Pole Dance<\/h1>\n<\/div>\n<\/div><\/div>\n\n\n\n\n\n<section class=\"wp-block-themeisle-blocks-advanced-columns alignfull has-1-columns has-desktop-equal-layout has-tablet-equal-layout has-mobile-equal-layout has-nogap-gap has-vertical-flex-start\" id=\"wp-block-themeisle-blocks-advanced-columns-0a508e8d\"><div class=\"wp-block-themeisle-blocks-advanced-columns-overlay\"><\/div><div class=\"innerblocks-wrap\">\n<div class=\"wp-block-themeisle-blocks-advanced-column\" id=\"wp-block-themeisle-blocks-advanced-column-c5ce68ad\">\n<section class=\"wp-block-themeisle-blocks-advanced-columns has-2-columns has-desktop-equal-layout has-tablet-equal-layout has-mobile-collapsedRows-layout has-nogap-gap has-vertical-flex-start\" id=\"wp-block-themeisle-blocks-advanced-columns-ba5ece66\"><div class=\"wp-block-themeisle-blocks-advanced-columns-overlay\"><\/div><div class=\"innerblocks-wrap\">\n<div class=\"wp-block-themeisle-blocks-advanced-column\" id=\"wp-block-themeisle-blocks-advanced-column-211f2643\">\n<h2 class=\"has-text-align-left wp-block-heading\">POLE DANCE \u2013 poczuj si\u0119 kobieco!<\/h2>\n\n\n\n<p>Miejsce, stworzone specjalnie do trening\u00f3w Cross. Profesjonalne wyposa\u017cenie daj\u0105ce ogromne mo\u017cliwo\u015bci. Klatka <\/p>\n\n\n\n<p>Miejsce stworzone specjalnie po to by\u015b mog\u0142a poczu\u0107 si\u0119 kobieco i seksownie. Wykwalifikowana instruktorka pomo\u017ce Ci zapomnie\u0107 o szarej codzienno\u015bci, wprowadzaj\u0105c w niezwyk\u0142y \u015bwiat nowoczesnych i wyzwolonych kobiet. Z nami wymodelujesz swoje cia\u0142o, nabierzesz pewno\u015bci siebie i poprawisz swoje samopoczucie.<\/p>\n\n\n\n<p>To nie s\u0105 zwyk\u0142e zaj\u0119cia fitness, to co\u015b wi\u0119cej\u2026<\/p>\n\n\n\n<p>Zaj\u0119cia s\u0105 prowadzone w ma\u0142ych grupach tak by prowadz\u0105ca mog\u0142a po\u015bwi\u0119ci\u0107 Ci jak najwi\u0119cej czasu oraz by\u015b czu\u0142a si\u0119 komfortowo.<\/p>\n\n\n\n<p>Po prostu ta\u0144cz!<\/p>\n\n\n\n<h3 class=\"wp-block-heading\">Pole Dance Kids<\/h3>\n\n\n\n<p>Pole Dance, bo od tego nale\u017cy zacz\u0105\u0107, to dyscyplina sportowa \u0142\u0105cz\u0105ca elementy akrobatyki, gimnastyki oraz ta\u0144ca, a na czym polega? Mi\u0119dzy innymi na wspinaniu si\u0119, a to dzieci uwielbiaj\u0105 najbardziej!\u00a0<\/p>\n<\/div>\n\n\n\n<div class=\"wp-block-themeisle-blocks-advanced-column\" id=\"wp-block-themeisle-blocks-advanced-column-5a6085a7\"><\/div>\n<\/div><\/section>\n\n\n\n<section class=\"wp-block-themeisle-blocks-advanced-columns has-2-columns has-desktop-equal-layout has-tablet-equal-layout has-mobile-collapsedRows-layout has-nogap-gap has-vertical-flex-start\" id=\"wp-block-themeisle-blocks-advanced-columns-f65eb702\"><div class=\"wp-block-themeisle-blocks-advanced-columns-overlay\"><\/div><div class=\"innerblocks-wrap\">\n<div class=\"wp-block-themeisle-blocks-advanced-column\" id=\"wp-block-themeisle-blocks-advanced-column-8ff5169c\">\n<h3 class=\"has-text-align-left wp-block-heading\">Treningi Indywidualne Pole Dance<\/h3>\n\n\n\n<p class=\"has-text-align-left\">Nie jeste\u015b gotowa na zaj\u0119cia w wi\u0119kszym gronie? Zacznij trening sam na sam z trenerk\u0105.<\/p>\n<\/div>\n\n\n\n<div class=\"wp-block-themeisle-blocks-advanced-column\" id=\"wp-block-themeisle-blocks-advanced-column-51f4f5b7\">\n<h3 class=\"has-text-align-left wp-block-heading\">Nie tylko Panie<\/h3>\n\n\n\n<p class=\"has-text-align-left\">Z zaj\u0119\u0107 Pole Dance mog\u0105 korzysta\u0107 r\u00f3wnie\u017c Panowie, zdecydowani na tak\u0105 form\u0119 treningu. Zapraszamy!<\/p>\n<\/div>\n<\/div><\/section>\n<\/div>\n<\/div><\/section>\n\n\n\n<div class=\"wp-block-themeisle-blocks-advanced-columns alignfull has-1-columns has-desktop-equal-layout has-tablet-equal-layout has-mobile-equal-layout has-default-gap has-vertical-center\" id=\"wp-block-themeisle-blocks-advanced-columns-e75493db\"><div class=\"wp-block-themeisle-blocks-advanced-columns-overlay\"><\/div><div class=\"innerblocks-wrap\">\n<div class=\"wp-block-themeisle-blocks-advanced-column\" id=\"wp-block-themeisle-blocks-advanced-column-36d54904\">\n<figure class=\"wp-block-embed is-type-video is-provider-youtube wp-block-embed-youtube wp-embed-aspect-16-9 wp-has-aspect-ratio\"><div class=\"wp-block-embed__wrapper\">\n<div class=\"nv-iframe-embed\"><iframe loading=\"lazy\" title=\".: Strefa Ruchu :. Pole Dance- trening od podstaw:)\" width=\"1200\" height=\"675\" src=\"https:\/\/www.youtube.com\/embed\/qS3C43qLCX8?feature=oembed\" frameborder=\"0\" allow=\"accelerometer; autoplay; clipboard-write; encrypted-media; gyroscope; picture-in-picture\" allowfullscreen><\/iframe><\/div>\n<\/div><\/figure>\n<\/div>\n<\/div><\/div>\n\n\n\n<div class=\"wp-block-themeisle-blocks-advanced-columns alignfull has-3-columns has-desktop-equal-layout has-tablet-equal-layout has-mobile-collapsedRows-layout has-default-gap has-vertical-unset\" id=\"wp-block-themeisle-blocks-advanced-columns-f0a94725\"><div class=\"wp-block-themeisle-blocks-advanced-columns-overlay\"><\/div><div class=\"innerblocks-wrap\">\n<div class=\"wp-block-themeisle-blocks-advanced-column\" id=\"wp-block-themeisle-blocks-advanced-column-25bfa823\">\n<div class=\"wp-block-themeisle-blocks-service\">\n<p class=\"wp-block-themeisle-blocks-font-awesome-icons\" id=\"wp-block-themeisle-blocks-font-awesome-icons-4f678399\"><span class=\"wp-block-themeisle-blocks-font-awesome-icons-container\"><i class=\"far fa-check-circle\"><\/i><\/span><\/p>\n\n\n\n<h4 id=\"wp-block-themeisle-blocks-advanced-heading-c7348888\" class=\"wp-block-themeisle-blocks-advanced-heading wp-block-themeisle-blocks-advanced-heading-c7348888\">Do\u015bwiadczenie<\/h4>\n\n\n\n<p id=\"wp-block-themeisle-blocks-advanced-heading-6e3b9637\" class=\"wp-block-themeisle-blocks-advanced-heading wp-block-themeisle-blocks-advanced-heading-6e3b9637\">Posiadamy wieloletnie do\u015bwiadczenie w bran\u017cy fitness.<\/p>\n<\/div>\n<\/div>\n\n\n\n<div class=\"wp-block-themeisle-blocks-advanced-column\" id=\"wp-block-themeisle-blocks-advanced-column-06e22a0d\">\n<p class=\"wp-block-themeisle-blocks-font-awesome-icons\" id=\"wp-block-themeisle-blocks-font-awesome-icons-cba6d337\"><span class=\"wp-block-themeisle-blocks-font-awesome-icons-container\"><i class=\"far fa-check-circle\"><\/i><\/span><\/p>\n\n\n\n<h4 id=\"wp-block-themeisle-blocks-advanced-heading-6e563018\" class=\"wp-block-themeisle-blocks-advanced-heading wp-block-themeisle-blocks-advanced-heading-6e563018\">Profesjonalizm<\/h4>\n\n\n\n<p id=\"wp-block-themeisle-blocks-advanced-heading-1466e2b1\" class=\"wp-block-themeisle-blocks-advanced-heading wp-block-themeisle-blocks-advanced-heading-1466e2b1\">W Strefie Ruchu oddajemy do Waszej dyspozycji najnowszy sprz\u0119t.<\/p>\n<\/div>\n\n\n\n<div class=\"wp-block-themeisle-blocks-advanced-column\" id=\"wp-block-themeisle-blocks-advanced-column-29c3c6e4\">\n<p class=\"wp-block-themeisle-blocks-font-awesome-icons\" id=\"wp-block-themeisle-blocks-font-awesome-icons-c6edd58d\"><span class=\"wp-block-themeisle-blocks-font-awesome-icons-container\"><i class=\"far fa-check-circle\"><\/i><\/span><\/p>\n\n\n\n<h4 id=\"wp-block-themeisle-blocks-advanced-heading-87227c4e\" class=\"wp-block-themeisle-blocks-advanced-heading wp-block-themeisle-blocks-advanced-heading-87227c4e\">Motywacja<\/h4>\n\n\n\n<p id=\"wp-block-themeisle-blocks-advanced-heading-d8c28154\" class=\"wp-block-themeisle-blocks-advanced-heading wp-block-themeisle-blocks-advanced-heading-d8c28154\">Nasi trenerzy odpowiednio zadbaj\u0105 i zmotywuj\u0105 Ciebie do zmian na lepsze!<\/p>\n<\/div>\n<\/div><\/div>\n\n\n\n<div class=\"wp-block-themeisle-blocks-advanced-columns alignfull has-2-columns has-desktop-equal-layout has-tablet-equal-layout has-mobile-collapsedRows-layout has-default-gap has-vertical-unset\" id=\"wp-block-themeisle-blocks-advanced-columns-223fe763\"><div class=\"wp-block-themeisle-blocks-advanced-columns-overlay\"><\/div><div class=\"innerblocks-wrap\">\n<div class=\"wp-block-themeisle-blocks-advanced-column\" id=\"wp-block-themeisle-blocks-advanced-column-e76aa28b\">\n<span id=\"wp-block-themeisle-blocks-advanced-heading-44761de2\" class=\"wp-block-themeisle-blocks-advanced-heading wp-block-themeisle-blocks-advanced-heading-44761de2\"><strong>NIE ODK\u0141ADAJ DECYZJI NA P\u00d3\u0179NIEJ<\/strong><\/span>\n\n\n\n<h2 id=\"wp-block-themeisle-blocks-advanced-heading-bdac4649\" class=\"wp-block-themeisle-blocks-advanced-heading wp-block-themeisle-blocks-advanced-heading-bdac4649\">Zapisz si\u0119 ju\u017c teraz na zaj\u0119cia fitness!<\/h2>\n<\/div>\n\n\n\n<div class=\"wp-block-themeisle-blocks-advanced-column\" id=\"wp-block-themeisle-blocks-advanced-column-6f1f72a1\">\n<div class=\"wp-block-buttons is-horizontal is-content-justification-center is-layout-flex wp-container-core-buttons-is-layout-499968f5 wp-block-buttons-is-layout-flex\">\n<div class=\"wp-block-button is-style-primary\"><a class=\"wp-block-button__link\" href=\"http:\/\/strefaruchu.com\/luban\/groups\/\">PRZEJD\u0179 DO ZAPIS\u00d3W NA ZAJ\u0118CIA<\/a><\/div>\n<\/div>\n<\/div>\n<\/div><\/div>\n\n\n\n<div class=\"wp-block-themeisle-blocks-advanced-columns alignfull has-2-columns has-desktop-equal-layout has-tablet-equal-layout has-mobile-collapsedRows-layout has-default-gap has-vertical-center\" id=\"wp-block-themeisle-blocks-advanced-columns-d71dbe7f\"><div class=\"wp-block-themeisle-blocks-advanced-columns-overlay\"><\/div><div class=\"innerblocks-wrap\">\n<div class=\"wp-block-themeisle-blocks-advanced-column\" id=\"wp-block-themeisle-blocks-advanced-column-11f00c69\">\n<span id=\"wp-block-themeisle-blocks-advanced-heading-254febeb\" class=\"wp-block-themeisle-blocks-advanced-heading wp-block-themeisle-blocks-advanced-heading-254febeb\"><strong>STREFA RUCHU LUBA\u0143<\/strong><\/span>\n\n\n\n<h2 id=\"wp-block-themeisle-blocks-advanced-heading-ba8a9dc4\" class=\"wp-block-themeisle-blocks-advanced-heading wp-block-themeisle-blocks-advanced-heading-ba8a9dc4\">Odwied\u017a nas!<\/h2>\n\n\n\n<span id=\"wp-block-themeisle-blocks-advanced-heading-4fce5c34\" class=\"wp-block-themeisle-blocks-advanced-heading wp-block-themeisle-blocks-advanced-heading-4fce5c34\"><strong>GODZINY OTWARCIA<\/strong><\/span>\n\n\n\n<p class=\"has-white-color has-text-color\">Poniedzia\u0142ek \u2013 Pi\u0105tek: 8:00 \u2013 22:00<br>Sobota: 9:00 \u2013 20:00<br>Niedziela: 10:00 \u2013 18:00<\/p>\n\n\n\n<h3 class=\"has-neve-link-color-color has-text-color wp-block-heading\">tel. 729 842 720<\/h3>\n\n\n\n<span id=\"wp-block-themeisle-blocks-advanced-heading-f5a611fb\" class=\"wp-block-themeisle-blocks-advanced-heading wp-block-themeisle-blocks-advanced-heading-f5a611fb\"><strong>kontakt@strefaruchu.com<\/strong><\/span>\n\n\n\n<span id=\"wp-block-themeisle-blocks-advanced-heading-b4549e36\" class=\"wp-block-themeisle-blocks-advanced-heading wp-block-themeisle-blocks-advanced-heading-b4549e36\"><strong><strong>Adres<\/strong><br>ul. Tkacka 4, Luba\u0144<\/strong><\/span>\n<\/div>\n\n\n\n<div class=\"wp-block-themeisle-blocks-advanced-column\" id=\"wp-block-themeisle-blocks-advanced-column-7abab17f\"><\/div>\n<\/div><\/div>\n","protected":false},"excerpt":{"rendered":"","protected":false},"author":1,"featured_media":0,"parent":0,"menu_order":0,"comment_status":"closed","ping_status":"closed","template":"page-templates\/template-pagebuilder-full-width.php","meta":{"neve_meta_sidebar":"full-width","neve_meta_container":"contained","neve_meta_enable_content_width":"off","neve_meta_content_width":100,"neve_meta_title_alignment":"left","neve_meta_author_avatar":"","neve_post_elements_order":"","neve_meta_disable_header":"","neve_meta_disable_footer":"","neve_meta_disable_title":"","_themeisle_gutenberg_block_has_review":false,"footnotes":""},"class_list":["post-319","page","type-page","status-publish","hentry"],"_links":{"self":[{"href":"https:\/\/strefaruchu.com\/luban\/wp-json\/wp\/v2\/pages\/319","targetHints":{"allow":["GET"]}}],"collection":[{"href":"https:\/\/strefaruchu.com\/luban\/wp-json\/wp\/v2\/pages"}],"about":[{"href":"https:\/\/strefaruchu.com\/luban\/wp-json\/wp\/v2\/types\/page"}],"author":[{"embeddable":true,"href":"https:\/\/strefaruchu.com\/luban\/wp-json\/wp\/v2\/users\/1"}],"replies":[{"embeddable":true,"href":"https:\/\/strefaruchu.com\/luban\/wp-json\/wp\/v2\/comments?post=319"}],"version-history":[{"count":13,"href":"https:\/\/strefaruchu.com\/luban\/wp-json\/wp\/v2\/pages\/319\/revisions"}],"predecessor-version":[{"id":558,"href":"https:\/\/strefaruchu.com\/luban\/wp-json\/wp\/v2\/pages\/319\/revisions\/558"}],"wp:attachment":[{"href":"https:\/\/strefaruchu.com\/luban\/wp-json\/wp\/v2\/media?parent=319"}],"curies":[{"name":"wp","href":"https:\/\/api.w.org\/{rel}","templated":true}]}}