{"id":368,"date":"2021-11-02T14:09:47","date_gmt":"2021-11-02T13:09:47","guid":{"rendered":"http:\/\/strefaruchu.com\/luban\/?page_id=368"},"modified":"2022-03-08T21:55:54","modified_gmt":"2022-03-08T20:55:54","slug":"strefa-silownia","status":"publish","type":"page","link":"https:\/\/strefaruchu.com\/luban\/strefa-silownia\/","title":{"rendered":"Strefa Si\u0142ownia"},"content":{"rendered":"\n<div class=\"wp-block-themeisle-blocks-advanced-columns alignfull has-1-columns has-desktop-equal-layout has-tablet-equal-layout has-mobile-equal-layout has-default-gap has-vertical-center\" id=\"wp-block-themeisle-blocks-advanced-columns-4e0d671d\"><div class=\"wp-block-themeisle-blocks-advanced-columns-overlay\"><\/div><div class=\"innerblocks-wrap\">\n<div class=\"wp-block-themeisle-blocks-advanced-column\" id=\"wp-block-themeisle-blocks-advanced-column-d4d96d4a\">\n<h1 id=\"wp-block-themeisle-blocks-advanced-heading-6297c131\" class=\"wp-block-themeisle-blocks-advanced-heading wp-block-themeisle-blocks-advanced-heading-6297c131\">Strefa Si\u0142ownia<\/h1>\n<\/div>\n<\/div><\/div>\n\n\n\n<div class=\"wp-block-columns is-layout-flex wp-container-core-columns-is-layout-9d6595d7 wp-block-columns-is-layout-flex\">\n<div class=\"wp-block-column is-layout-flow wp-block-column-is-layout-flow\" style=\"flex-basis:100%\">\n<h2 class=\"ticss-635940cc wp-block-heading\">Si\u0142ownia \u2013 strefa mocy!<\/h2>\n\n\n\n<p>To w\u0142a\u015bnie tutaj wykonasz trening najlepiej odpowiadaj\u0105cy Twoim potrzebom. Opr\u00f3cz nowoczesnych&nbsp;maszyn firmy Technogym oraz HES, a tak\u017ce strefy wolnych ci\u0119\u017car\u00f3w, czeka tu na Ciebie nasz instruktor si\u0142owni. Dzi\u0119ki jego&nbsp;pomocy sw\u00f3j cel treningowy osi\u0105gniesz szybciej, ni\u017c my\u015blisz!<\/p>\n\n\n\n<div class=\"wp-block-columns is-layout-flex wp-container-core-columns-is-layout-9d6595d7 wp-block-columns-is-layout-flex\">\n<div class=\"wp-block-column is-layout-flow wp-block-column-is-layout-flow\">\n<h3 class=\"wp-block-heading\">Strefa Cardio<\/h3>\n\n\n\n<p>Nasze bie\u017cnie, rowery, orbitreki i wios\u0142o&nbsp;przys\u0142u\u017cy\u0142y si\u0119 do zrzucenia tysi\u0119cy kilogram\u00f3w przez naszych klubowicz\u00f3w. Teraz nadszed\u0142 czas, aby\u015b to Ty zrobi\u0142\/a z nich u\u017cytek!<\/p>\n<\/div>\n\n\n\n<div class=\"wp-block-column is-layout-flow wp-block-column-is-layout-flow\">\n<h3 class=\"wp-block-heading\">Strefa maszyn si\u0142owych I kszta\u0142tuj\u0105cych sylwetk\u0119<\/h3>\n\n\n\n<p>Silne i smuk\u0142e&nbsp;cia\u0142o?&nbsp;To tu!<br>Proste i bezpieczne maszyny do niemal wszystkich partii mi\u0119\u015bniowych. Nie b\u00f3j si\u0119 ci\u0119\u017car\u00f3w, poczuj rado\u015b\u0107 z treningu.<\/p>\n<\/div>\n\n\n\n<div class=\"wp-block-column is-layout-flow wp-block-column-is-layout-flow\">\n<h3 class=\"wp-block-heading\">Strefa wolnych ci\u0119\u017car\u00f3w<\/h3>\n\n\n\n<p>Poczuj si\u0119 wielki i b\u0105d\u017a wielki! Miejsce dla wszystkich tych, kt\u00f3rzy preferuj\u0105 podstawowe, wolne \u0107wiczenia i du\u017ce obci\u0105\u017cenia. \u0141awki pionowe i poziome, sztangi olimpijskie, \u0142amane, modlitewnik, brama \u2013 jednym s\u0142owem wszystko czego trzeba do zrobienia kompleksowego treningu si\u0142owego.<\/p>\n<\/div>\n<\/div>\n<\/div>\n<\/div>\n\n\n\n<div class=\"wp-block-themeisle-blocks-advanced-columns alignfull has-3-columns has-desktop-equal-layout has-tablet-equal-layout has-mobile-collapsedRows-layout has-default-gap has-vertical-center\" id=\"wp-block-themeisle-blocks-advanced-columns-5be898d6\"><div class=\"wp-block-themeisle-blocks-advanced-columns-overlay\"><\/div><div class=\"innerblocks-wrap\">\n<div class=\"wp-block-themeisle-blocks-advanced-column\" id=\"wp-block-themeisle-blocks-advanced-column-2082b1bd\">\n<figure class=\"wp-block-image size-large\"><img loading=\"lazy\" decoding=\"async\" width=\"360\" height=\"360\" src=\"http:\/\/strefaruchu.com\/luban\/wp-content\/uploads\/2019\/07\/neve-gym-demo-33.jpg\" alt=\"\" class=\"wp-image-122\"\/><\/figure>\n<\/div>\n\n\n\n<div class=\"wp-block-themeisle-blocks-advanced-column\" id=\"wp-block-themeisle-blocks-advanced-column-f6cba639\">\n<figure class=\"wp-block-image size-large\"><img loading=\"lazy\" decoding=\"async\" width=\"360\" height=\"360\" src=\"http:\/\/strefaruchu.com\/luban\/wp-content\/uploads\/2019\/07\/neve-gym-demo-27.jpg\" alt=\"\" class=\"wp-image-116\"\/><\/figure>\n<\/div>\n\n\n\n<div class=\"wp-block-themeisle-blocks-advanced-column\" id=\"wp-block-themeisle-blocks-advanced-column-4248076a\">\n<figure class=\"wp-block-image size-large\"><img loading=\"lazy\" decoding=\"async\" width=\"360\" height=\"360\" src=\"http:\/\/strefaruchu.com\/luban\/wp-content\/uploads\/2019\/07\/neve-gym-demo-28.jpg\" alt=\"\" class=\"wp-image-117\"\/><\/figure>\n<\/div>\n<\/div><\/div>\n\n\n\n<div class=\"wp-block-themeisle-blocks-advanced-columns alignfull has-3-columns has-desktop-equal-layout has-tablet-equal-layout has-mobile-collapsedRows-layout has-default-gap has-vertical-unset\" id=\"wp-block-themeisle-blocks-advanced-columns-f0a94725\"><div class=\"wp-block-themeisle-blocks-advanced-columns-overlay\"><\/div><div class=\"innerblocks-wrap\">\n<div class=\"wp-block-themeisle-blocks-advanced-column\" id=\"wp-block-themeisle-blocks-advanced-column-25bfa823\">\n<div class=\"wp-block-themeisle-blocks-service\">\n<p class=\"wp-block-themeisle-blocks-font-awesome-icons\" id=\"wp-block-themeisle-blocks-font-awesome-icons-4f678399\"><span class=\"wp-block-themeisle-blocks-font-awesome-icons-container\"><i class=\"far fa-check-circle\"><\/i><\/span><\/p>\n\n\n\n<h4 id=\"wp-block-themeisle-blocks-advanced-heading-c7348888\" class=\"wp-block-themeisle-blocks-advanced-heading wp-block-themeisle-blocks-advanced-heading-c7348888\">Do\u015bwiadczenie<\/h4>\n\n\n\n<p id=\"wp-block-themeisle-blocks-advanced-heading-6e3b9637\" class=\"wp-block-themeisle-blocks-advanced-heading wp-block-themeisle-blocks-advanced-heading-6e3b9637\">Posiadamy wieloletnie do\u015bwiadczenie w bran\u017cy fitness.<\/p>\n<\/div>\n<\/div>\n\n\n\n<div class=\"wp-block-themeisle-blocks-advanced-column\" id=\"wp-block-themeisle-blocks-advanced-column-06e22a0d\">\n<p class=\"wp-block-themeisle-blocks-font-awesome-icons\" id=\"wp-block-themeisle-blocks-font-awesome-icons-cba6d337\"><span class=\"wp-block-themeisle-blocks-font-awesome-icons-container\"><i class=\"far fa-check-circle\"><\/i><\/span><\/p>\n\n\n\n<h4 id=\"wp-block-themeisle-blocks-advanced-heading-6e563018\" class=\"wp-block-themeisle-blocks-advanced-heading wp-block-themeisle-blocks-advanced-heading-6e563018\">Profesjonalizm<\/h4>\n\n\n\n<p id=\"wp-block-themeisle-blocks-advanced-heading-1466e2b1\" class=\"wp-block-themeisle-blocks-advanced-heading wp-block-themeisle-blocks-advanced-heading-1466e2b1\">W Strefie Ruchu oddajemy do Waszej dyspozycji najnowszy sprz\u0119t.<\/p>\n<\/div>\n\n\n\n<div class=\"wp-block-themeisle-blocks-advanced-column\" id=\"wp-block-themeisle-blocks-advanced-column-29c3c6e4\">\n<p class=\"wp-block-themeisle-blocks-font-awesome-icons\" id=\"wp-block-themeisle-blocks-font-awesome-icons-c6edd58d\"><span class=\"wp-block-themeisle-blocks-font-awesome-icons-container\"><i class=\"far fa-check-circle\"><\/i><\/span><\/p>\n\n\n\n<h4 id=\"wp-block-themeisle-blocks-advanced-heading-87227c4e\" class=\"wp-block-themeisle-blocks-advanced-heading wp-block-themeisle-blocks-advanced-heading-87227c4e\">Motywacja<\/h4>\n\n\n\n<p id=\"wp-block-themeisle-blocks-advanced-heading-d8c28154\" class=\"wp-block-themeisle-blocks-advanced-heading wp-block-themeisle-blocks-advanced-heading-d8c28154\">Nasi trenerzy odpowiednio zadbaj\u0105 i zmotywuj\u0105 Ciebie do zmian na lepsze!<\/p>\n<\/div>\n<\/div><\/div>\n\n\n\n<div class=\"wp-block-themeisle-blocks-advanced-columns alignfull has-2-columns has-desktop-equal-layout has-tablet-equal-layout has-mobile-collapsedRows-layout has-default-gap has-vertical-unset\" id=\"wp-block-themeisle-blocks-advanced-columns-223fe763\"><div class=\"wp-block-themeisle-blocks-advanced-columns-overlay\"><\/div><div class=\"innerblocks-wrap\">\n<div class=\"wp-block-themeisle-blocks-advanced-column\" id=\"wp-block-themeisle-blocks-advanced-column-e76aa28b\">\n<span id=\"wp-block-themeisle-blocks-advanced-heading-44761de2\" class=\"wp-block-themeisle-blocks-advanced-heading wp-block-themeisle-blocks-advanced-heading-44761de2\"><strong>NIE ODK\u0141ADAJ DECYZJI NA P\u00d3\u0179NIEJ<\/strong><\/span>\n\n\n\n<h2 id=\"wp-block-themeisle-blocks-advanced-heading-bdac4649\" class=\"wp-block-themeisle-blocks-advanced-heading wp-block-themeisle-blocks-advanced-heading-bdac4649\">Zapisz si\u0119 ju\u017c teraz na zaj\u0119cia Cross!<\/h2>\n<\/div>\n\n\n\n<div class=\"wp-block-themeisle-blocks-advanced-column\" id=\"wp-block-themeisle-blocks-advanced-column-6f1f72a1\">\n<div class=\"wp-block-buttons is-horizontal is-content-justification-center is-layout-flex wp-container-core-buttons-is-layout-499968f5 wp-block-buttons-is-layout-flex\">\n<div class=\"wp-block-button is-style-primary\"><a class=\"wp-block-button__link\" href=\"http:\/\/strefaruchu.com\/luban\/groups\/\">PRZEJD\u0179 DO ZAPIS\u00d3W NA ZAJ\u0118CIA<\/a><\/div>\n<\/div>\n<\/div>\n<\/div><\/div>\n\n\n\n<div class=\"wp-block-themeisle-blocks-advanced-columns alignfull has-2-columns has-desktop-equal-layout has-tablet-equal-layout has-mobile-collapsedRows-layout has-default-gap has-vertical-center\" id=\"wp-block-themeisle-blocks-advanced-columns-d71dbe7f\"><div class=\"wp-block-themeisle-blocks-advanced-columns-overlay\"><\/div><div class=\"innerblocks-wrap\">\n<div class=\"wp-block-themeisle-blocks-advanced-column\" id=\"wp-block-themeisle-blocks-advanced-column-11f00c69\">\n<span id=\"wp-block-themeisle-blocks-advanced-heading-254febeb\" class=\"wp-block-themeisle-blocks-advanced-heading wp-block-themeisle-blocks-advanced-heading-254febeb\"><strong>STREFA RUCHU <strong>LUBA\u0143<\/strong><\/strong><\/span>\n\n\n\n<h2 id=\"wp-block-themeisle-blocks-advanced-heading-ba8a9dc4\" class=\"wp-block-themeisle-blocks-advanced-heading wp-block-themeisle-blocks-advanced-heading-ba8a9dc4\">Odwied\u017a nas!<\/h2>\n\n\n\n<span id=\"wp-block-themeisle-blocks-advanced-heading-4fce5c34\" class=\"wp-block-themeisle-blocks-advanced-heading wp-block-themeisle-blocks-advanced-heading-4fce5c34\"><strong>GODZINY OTWARCIA<\/strong><\/span>\n\n\n\n<p class=\"has-white-color has-text-color\">Poniedzia\u0142ek \u2013 Pi\u0105tek: 6:00 \u2013 22:00<br>Sobota: 8:00 \u2013 20:00<br>Niedziela: 8:00 \u2013 20:00<\/p>\n\n\n\n<h3 class=\"has-neve-link-color-color has-text-color wp-block-heading\">tel. 729 842 720<\/h3>\n\n\n\n<span id=\"wp-block-themeisle-blocks-advanced-heading-f5a611fb\" class=\"wp-block-themeisle-blocks-advanced-heading wp-block-themeisle-blocks-advanced-heading-f5a611fb\"><strong>luban@strefaruchu.com<\/strong><\/span>\n\n\n\n<span id=\"wp-block-themeisle-blocks-advanced-heading-b4549e36\" class=\"wp-block-themeisle-blocks-advanced-heading wp-block-themeisle-blocks-advanced-heading-b4549e36\"><strong><strong><strong><strong>Adres<\/strong><br>ul. Tkacka 4, Luba\u0144<\/strong><\/strong><\/strong><\/span>\n<\/div>\n\n\n\n<div class=\"wp-block-themeisle-blocks-advanced-column\" id=\"wp-block-themeisle-blocks-advanced-column-7abab17f\"><\/div>\n<\/div><\/div>\n","protected":false},"excerpt":{"rendered":"<p>Si\u0142ownia \u2013 strefa mocy! To w\u0142a\u015bnie tutaj wykonasz trening najlepiej odpowiadaj\u0105cy Twoim potrzebom. Opr\u00f3cz nowoczesnych&nbsp;maszyn firmy Technogym oraz HES, a tak\u017ce strefy wolnych ci\u0119\u017car\u00f3w, czeka tu na Ciebie nasz instruktor si\u0142owni. Dzi\u0119ki jego&nbsp;pomocy sw\u00f3j cel treningowy osi\u0105gniesz szybciej, ni\u017c my\u015blisz! Strefa Cardio Nasze bie\u017cnie, rowery, orbitreki i wios\u0142o&nbsp;przys\u0142u\u017cy\u0142y si\u0119 do zrzucenia tysi\u0119cy kilogram\u00f3w przez naszych&hellip;&nbsp;<a href=\"https:\/\/strefaruchu.com\/luban\/strefa-silownia\/\" class=\"\" rel=\"bookmark\">Czytaj dalej &raquo;<span class=\"screen-reader-text\">Strefa Si\u0142ownia<\/span><\/a><\/p>\n","protected":false},"author":1,"featured_media":0,"parent":0,"menu_order":0,"comment_status":"closed","ping_status":"closed","template":"","meta":{"neve_meta_sidebar":"full-width","neve_meta_container":"","neve_meta_enable_content_width":"on","neve_meta_content_width":100,"neve_meta_title_alignment":"","neve_meta_author_avatar":"","neve_post_elements_order":"","neve_meta_disable_header":"","neve_meta_disable_footer":"","neve_meta_disable_title":"on","_themeisle_gutenberg_block_has_review":false,"footnotes":""},"class_list":["post-368","page","type-page","status-publish","hentry"],"_links":{"self":[{"href":"https:\/\/strefaruchu.com\/luban\/wp-json\/wp\/v2\/pages\/368","targetHints":{"allow":["GET"]}}],"collection":[{"href":"https:\/\/strefaruchu.com\/luban\/wp-json\/wp\/v2\/pages"}],"about":[{"href":"https:\/\/strefaruchu.com\/luban\/wp-json\/wp\/v2\/types\/page"}],"author":[{"embeddable":true,"href":"https:\/\/strefaruchu.com\/luban\/wp-json\/wp\/v2\/users\/1"}],"replies":[{"embeddable":true,"href":"https:\/\/strefaruchu.com\/luban\/wp-json\/wp\/v2\/comments?post=368"}],"version-history":[{"count":8,"href":"https:\/\/strefaruchu.com\/luban\/wp-json\/wp\/v2\/pages\/368\/revisions"}],"predecessor-version":[{"id":565,"href":"https:\/\/strefaruchu.com\/luban\/wp-json\/wp\/v2\/pages\/368\/revisions\/565"}],"wp:attachment":[{"href":"https:\/\/strefaruchu.com\/luban\/wp-json\/wp\/v2\/media?parent=368"}],"curies":[{"name":"wp","href":"https:\/\/api.w.org\/{rel}","templated":true}]}}