{"id":439,"date":"2021-11-05T17:08:49","date_gmt":"2021-11-05T16:08:49","guid":{"rendered":"http:\/\/strefaruchu.com\/luban\/?page_id=439"},"modified":"2023-06-07T09:25:16","modified_gmt":"2023-06-07T07:25:16","slug":"o-nas","status":"publish","type":"page","link":"https:\/\/strefaruchu.com\/luban\/o-nas\/","title":{"rendered":"O nas"},"content":{"rendered":"\n<div class=\"wp-block-themeisle-blocks-advanced-columns alignfull has-1-columns has-desktop-equal-layout has-tablet-equal-layout has-mobile-equal-layout has-default-gap has-vertical-center\" id=\"wp-block-themeisle-blocks-advanced-columns-4e0d671d\"><div class=\"wp-block-themeisle-blocks-advanced-columns-overlay\"><\/div><div class=\"innerblocks-wrap\">\n<div class=\"wp-block-themeisle-blocks-advanced-column\" id=\"wp-block-themeisle-blocks-advanced-column-d4d96d4a\">\n<h1 id=\"wp-block-themeisle-blocks-advanced-heading-6297c131\" class=\"wp-block-themeisle-blocks-advanced-heading wp-block-themeisle-blocks-advanced-heading-6297c131\">O nas<\/h1>\n<\/div>\n<\/div><\/div>\n\n\n\n<div class=\"wp-block-columns is-layout-flex wp-container-core-columns-is-layout-9d6595d7 wp-block-columns-is-layout-flex\">\n<div class=\"wp-block-column is-layout-flow wp-block-column-is-layout-flow\" style=\"flex-basis:100%\">\n<h2 class=\"wp-block-heading ticss-635940cc\"><strong>Strefa Ruchu \u2013 klub z przysz\u0142o\u015bci\u0105<\/strong><\/h2>\n\n\n\n<p class=\"has-text-align-left\">Wsp\u00f3lnie z ca\u0142\u0105 kadr\u0105 pracownik\u00f3w i Wami- Klubowiczami, tworzymy wyj\u0105tkowe miejsce. To proste\u2026 wyj\u0105tkowi ludzie tworz\u0105 wyj\u0105tkowe miejsca.&nbsp;<\/p>\n\n\n\n<p class=\"has-text-align-left\">&nbsp;Strefa Ruchu powsta\u0142a w 2015 roku w pa\u017adzierniku. Tworz\u0105c klub chcieli\u015bmy stworzy\u0107 miejsce, w kt\u00f3rym ka\u017cdy b\u0119dzie czu\u0142 si\u0119 komfortowo. &nbsp;<\/p>\n\n\n\n<p class=\"has-text-align-left\">&nbsp;Przestrze\u0144 klubu daj\u0119 du\u017ce mo\u017cliwo\u015bci, a bogaty wachlarz trening\u00f3w sprawi, \u017ce&nbsp;Twoja aktywno\u015b\u0107 nie dozna nudy.<\/p>\n\n\n\n<p>Pami\u0119taj! Nasz klub jest Twoim miejscem\u2026 Tw\u00f3j komfort jest dla Nas najwa\u017cniejszy.<\/p>\n\n\n\n<h3 class=\"wp-block-heading\">Zapraszamy!<\/h3>\n<\/div>\n<\/div>\n\n\n\n<div class=\"wp-block-themeisle-blocks-advanced-columns alignfull has-3-columns has-desktop-equal-layout has-tablet-equal-layout has-mobile-collapsedRows-layout has-default-gap has-vertical-unset\" id=\"wp-block-themeisle-blocks-advanced-columns-f0a94725\"><div class=\"wp-block-themeisle-blocks-advanced-columns-overlay\"><\/div><div class=\"innerblocks-wrap\">\n<div class=\"wp-block-themeisle-blocks-advanced-column\" id=\"wp-block-themeisle-blocks-advanced-column-25bfa823\">\n<div class=\"wp-block-themeisle-blocks-service\">\n<p class=\"wp-block-themeisle-blocks-font-awesome-icons\" id=\"wp-block-themeisle-blocks-font-awesome-icons-4f678399\"><span class=\"wp-block-themeisle-blocks-font-awesome-icons-container\"><i class=\"far fa-check-circle\"><\/i><\/span><\/p>\n\n\n\n<h4 id=\"wp-block-themeisle-blocks-advanced-heading-c7348888\" class=\"wp-block-themeisle-blocks-advanced-heading wp-block-themeisle-blocks-advanced-heading-c7348888\">Do\u015bwiadczenie<\/h4>\n\n\n\n<p id=\"wp-block-themeisle-blocks-advanced-heading-6e3b9637\" class=\"wp-block-themeisle-blocks-advanced-heading wp-block-themeisle-blocks-advanced-heading-6e3b9637\">Posiadamy wieloletnie do\u015bwiadczenie w bran\u017cy fitness.<\/p>\n<\/div>\n<\/div>\n\n\n\n<div class=\"wp-block-themeisle-blocks-advanced-column\" id=\"wp-block-themeisle-blocks-advanced-column-06e22a0d\">\n<p class=\"wp-block-themeisle-blocks-font-awesome-icons\" id=\"wp-block-themeisle-blocks-font-awesome-icons-cba6d337\"><span class=\"wp-block-themeisle-blocks-font-awesome-icons-container\"><i class=\"far fa-check-circle\"><\/i><\/span><\/p>\n\n\n\n<h4 id=\"wp-block-themeisle-blocks-advanced-heading-6e563018\" class=\"wp-block-themeisle-blocks-advanced-heading wp-block-themeisle-blocks-advanced-heading-6e563018\">Profesjonalizm<\/h4>\n\n\n\n<p id=\"wp-block-themeisle-blocks-advanced-heading-1466e2b1\" class=\"wp-block-themeisle-blocks-advanced-heading wp-block-themeisle-blocks-advanced-heading-1466e2b1\">W Strefie Ruchu oddajemy do Waszej dyspozycji najnowszy sprz\u0119t.<\/p>\n<\/div>\n\n\n\n<div class=\"wp-block-themeisle-blocks-advanced-column\" id=\"wp-block-themeisle-blocks-advanced-column-29c3c6e4\">\n<p class=\"wp-block-themeisle-blocks-font-awesome-icons\" id=\"wp-block-themeisle-blocks-font-awesome-icons-c6edd58d\"><span class=\"wp-block-themeisle-blocks-font-awesome-icons-container\"><i class=\"far fa-check-circle\"><\/i><\/span><\/p>\n\n\n\n<h4 id=\"wp-block-themeisle-blocks-advanced-heading-87227c4e\" class=\"wp-block-themeisle-blocks-advanced-heading wp-block-themeisle-blocks-advanced-heading-87227c4e\">Motywacja<\/h4>\n\n\n\n<p id=\"wp-block-themeisle-blocks-advanced-heading-d8c28154\" class=\"wp-block-themeisle-blocks-advanced-heading wp-block-themeisle-blocks-advanced-heading-d8c28154\">Nasi trenerzy odpowiednio zadbaj\u0105 i zmotywuj\u0105 Ciebie do zmian na lepsze!<\/p>\n<\/div>\n<\/div><\/div>\n\n\n\n<div class=\"wp-block-themeisle-blocks-advanced-columns alignfull has-2-columns has-desktop-equal-layout has-tablet-equal-layout has-mobile-collapsedRows-layout has-default-gap has-vertical-unset\" id=\"wp-block-themeisle-blocks-advanced-columns-223fe763\"><div class=\"wp-block-themeisle-blocks-advanced-columns-overlay\"><\/div><div class=\"innerblocks-wrap\">\n<div class=\"wp-block-themeisle-blocks-advanced-column\" id=\"wp-block-themeisle-blocks-advanced-column-e76aa28b\">\n<span id=\"wp-block-themeisle-blocks-advanced-heading-44761de2\" class=\"wp-block-themeisle-blocks-advanced-heading wp-block-themeisle-blocks-advanced-heading-44761de2\"><strong>NIE ODK\u0141ADAJ DECYZJI NA P\u00d3\u0179NIEJ<\/strong><\/span>\n\n\n\n<h2 id=\"wp-block-themeisle-blocks-advanced-heading-bdac4649\" class=\"wp-block-themeisle-blocks-advanced-heading wp-block-themeisle-blocks-advanced-heading-bdac4649\">Zapisz si\u0119 ju\u017c teraz na zaj\u0119cia Cross!<\/h2>\n<\/div>\n\n\n\n<div class=\"wp-block-themeisle-blocks-advanced-column\" id=\"wp-block-themeisle-blocks-advanced-column-6f1f72a1\">\n<div class=\"wp-block-buttons is-horizontal is-content-justification-center is-layout-flex wp-container-core-buttons-is-layout-499968f5 wp-block-buttons-is-layout-flex\">\n<div class=\"wp-block-button is-style-primary\"><a class=\"wp-block-button__link wp-element-button\" href=\"http:\/\/strefaruchu.com\/luban\/groups\/\">PRZEJD\u0179 DO ZAPIS\u00d3W NA ZAJ\u0118CIA<\/a><\/div>\n<\/div>\n<\/div>\n<\/div><\/div>\n\n\n\n<div class=\"wp-block-themeisle-blocks-advanced-columns alignfull has-2-columns has-desktop-equal-layout has-tablet-equal-layout has-mobile-collapsedRows-layout has-default-gap has-vertical-center\" id=\"wp-block-themeisle-blocks-advanced-columns-d71dbe7f\"><div class=\"wp-block-themeisle-blocks-advanced-columns-overlay\"><\/div><div class=\"innerblocks-wrap\">\n<div class=\"wp-block-themeisle-blocks-advanced-column\" id=\"wp-block-themeisle-blocks-advanced-column-11f00c69\">\n<span id=\"wp-block-themeisle-blocks-advanced-heading-254febeb\" class=\"wp-block-themeisle-blocks-advanced-heading wp-block-themeisle-blocks-advanced-heading-254febeb\"><strong>STREFA RUCHU LUBA\u0143<\/strong><\/span>\n\n\n\n<h2 id=\"wp-block-themeisle-blocks-advanced-heading-ba8a9dc4\" class=\"wp-block-themeisle-blocks-advanced-heading wp-block-themeisle-blocks-advanced-heading-ba8a9dc4\">Odwied\u017a nas!<\/h2>\n\n\n\n<span id=\"wp-block-themeisle-blocks-advanced-heading-4fce5c34\" class=\"wp-block-themeisle-blocks-advanced-heading wp-block-themeisle-blocks-advanced-heading-4fce5c34\"><strong>GODZINY OTWARCIA<\/strong><\/span>\n\n\n\n<p class=\"has-white-color has-text-color\">Poniedzia\u0142ek \u2013 Pi\u0105tek: 8:00 \u2013 22:00<br>Sobota: 9:00 \u2013 20:00<br>Niedziela: 10:00 \u2013 18:00<\/p>\n\n\n\n<h3 class=\"wp-block-heading has-neve-link-color-color has-text-color\">tel. 729 842 720<\/h3>\n\n\n\n<span id=\"wp-block-themeisle-blocks-advanced-heading-f5a611fb\" class=\"wp-block-themeisle-blocks-advanced-heading wp-block-themeisle-blocks-advanced-heading-f5a611fb\"><strong>kontakt@strefaruchu.com<\/strong><\/span>\n\n\n\n<span id=\"wp-block-themeisle-blocks-advanced-heading-b4549e36\" class=\"wp-block-themeisle-blocks-advanced-heading wp-block-themeisle-blocks-advanced-heading-b4549e36\"><strong><strong><strong><strong>Adres<\/strong><br>ul. Tkacka 4, Luba\u0144<\/strong><\/strong><\/strong><\/span>\n<\/div>\n\n\n\n<div class=\"wp-block-themeisle-blocks-advanced-column\" id=\"wp-block-themeisle-blocks-advanced-column-7abab17f\"><\/div>\n<\/div><\/div>\n","protected":false},"excerpt":{"rendered":"<p>Strefa Ruchu \u2013 klub z przysz\u0142o\u015bci\u0105 Wsp\u00f3lnie z ca\u0142\u0105 kadr\u0105 pracownik\u00f3w i Wami- Klubowiczami, tworzymy wyj\u0105tkowe miejsce. To proste\u2026 wyj\u0105tkowi ludzie tworz\u0105 wyj\u0105tkowe miejsca.&nbsp; &nbsp;Strefa Ruchu powsta\u0142a w 2015 roku w pa\u017adzierniku. Tworz\u0105c klub chcieli\u015bmy stworzy\u0107 miejsce, w kt\u00f3rym ka\u017cdy b\u0119dzie czu\u0142 si\u0119 komfortowo. &nbsp; &nbsp;Przestrze\u0144 klubu daj\u0119 du\u017ce mo\u017cliwo\u015bci, a bogaty wachlarz trening\u00f3w sprawi,&hellip;&nbsp;<a href=\"https:\/\/strefaruchu.com\/luban\/o-nas\/\" class=\"\" rel=\"bookmark\">Czytaj dalej &raquo;<span class=\"screen-reader-text\">O nas<\/span><\/a><\/p>\n","protected":false},"author":1,"featured_media":0,"parent":0,"menu_order":0,"comment_status":"closed","ping_status":"closed","template":"","meta":{"neve_meta_sidebar":"full-width","neve_meta_container":"","neve_meta_enable_content_width":"on","neve_meta_content_width":100,"neve_meta_title_alignment":"","neve_meta_author_avatar":"","neve_post_elements_order":"","neve_meta_disable_header":"off","neve_meta_disable_footer":"","neve_meta_disable_title":"on","_themeisle_gutenberg_block_has_review":false,"footnotes":""},"class_list":["post-439","page","type-page","status-publish","hentry"],"_links":{"self":[{"href":"https:\/\/strefaruchu.com\/luban\/wp-json\/wp\/v2\/pages\/439","targetHints":{"allow":["GET"]}}],"collection":[{"href":"https:\/\/strefaruchu.com\/luban\/wp-json\/wp\/v2\/pages"}],"about":[{"href":"https:\/\/strefaruchu.com\/luban\/wp-json\/wp\/v2\/types\/page"}],"author":[{"embeddable":true,"href":"https:\/\/strefaruchu.com\/luban\/wp-json\/wp\/v2\/users\/1"}],"replies":[{"embeddable":true,"href":"https:\/\/strefaruchu.com\/luban\/wp-json\/wp\/v2\/comments?post=439"}],"version-history":[{"count":3,"href":"https:\/\/strefaruchu.com\/luban\/wp-json\/wp\/v2\/pages\/439\/revisions"}],"predecessor-version":[{"id":640,"href":"https:\/\/strefaruchu.com\/luban\/wp-json\/wp\/v2\/pages\/439\/revisions\/640"}],"wp:attachment":[{"href":"https:\/\/strefaruchu.com\/luban\/wp-json\/wp\/v2\/media?parent=439"}],"curies":[{"name":"wp","href":"https:\/\/api.w.org\/{rel}","templated":true}]}}