{"id":533,"date":"2021-11-30T10:32:31","date_gmt":"2021-11-30T09:32:31","guid":{"rendered":"http:\/\/strefaruchu.com\/luban\/?page_id=533"},"modified":"2023-08-20T10:22:47","modified_gmt":"2023-08-20T08:22:47","slug":"kontakt","status":"publish","type":"page","link":"https:\/\/strefaruchu.com\/luban\/kontakt\/","title":{"rendered":"Kontakt"},"content":{"rendered":"\n<div class=\"wp-block-themeisle-blocks-advanced-columns alignfull has-1-columns has-desktop-equal-layout has-tablet-equal-layout has-mobile-equal-layout has-default-gap has-vertical-center\" id=\"wp-block-themeisle-blocks-advanced-columns-4e0d671d\"><div class=\"wp-block-themeisle-blocks-advanced-columns-overlay\"><\/div><div class=\"innerblocks-wrap\">\n<div class=\"wp-block-themeisle-blocks-advanced-column\" id=\"wp-block-themeisle-blocks-advanced-column-d4d96d4a\">\n<h1 id=\"wp-block-themeisle-blocks-advanced-heading-6297c131\" class=\"wp-block-themeisle-blocks-advanced-heading wp-block-themeisle-blocks-advanced-heading-6297c131\">Kontakt z nami<\/h1>\n<\/div>\n<\/div><\/div>\n\n\n\n<div class=\"wp-block-themeisle-blocks-advanced-columns alignfull has-2-columns has-desktop-equal-layout has-tablet-equal-layout has-mobile-collapsedRows-layout has-default-gap has-vertical-center\" id=\"wp-block-themeisle-blocks-advanced-columns-d71dbe7f\"><div class=\"wp-block-themeisle-blocks-advanced-columns-overlay\"><\/div><div class=\"innerblocks-wrap\">\n<div class=\"wp-block-themeisle-blocks-advanced-column\" id=\"wp-block-themeisle-blocks-advanced-column-11f00c69\">\n<span id=\"wp-block-themeisle-blocks-advanced-heading-254febeb\" class=\"wp-block-themeisle-blocks-advanced-heading wp-block-themeisle-blocks-advanced-heading-254febeb\"><strong>STREFA RUCHU LUBA\u0143<\/strong><\/span>\n\n\n\n<h2 id=\"wp-block-themeisle-blocks-advanced-heading-ba8a9dc4\" class=\"wp-block-themeisle-blocks-advanced-heading wp-block-themeisle-blocks-advanced-heading-ba8a9dc4\">Odwied\u017a nas!<\/h2>\n\n\n\n<p class=\"has-white-color has-text-color\">Poniedzia\u0142ek \u2013 Pi\u0105tek: 6:00 \u2013 22:00<br>Sobota: 8:00 \u2013 20:00<br>Niedziela: 8:00 \u2013 20:00<br><br><strong>Adres<\/strong><br>ul. Tkacka 4, Luba\u0144<\/p>\n\n\n\n<span id=\"wp-block-themeisle-blocks-advanced-heading-f5a611fb\" class=\"wp-block-themeisle-blocks-advanced-heading wp-block-themeisle-blocks-advanced-heading-f5a611fb\">Mog\u0105 Pa\u0144stwo skontaktowa\u0107 si\u0119 z nami bezpo\u015brednio poprzez podany poni\u017cej\u00a0numer telefonu lub adres email. Postaramy si\u0119 odpowiedzie\u0107 niezw\u0142ocznie na ka\u017cde Pa\u0144stwa pytanie<br><br><strong>Recepcja klubu:<\/strong><br><strong><br><\/strong>tel. 729 842 720<br>email: luban@strefaruchu.com<br><br><strong>Mened\u017cer klubu:<\/strong><br><br>Anna Gogol<br>email: anna@strefaruchu.com<\/span>\n\n\n\n<span id=\"wp-block-themeisle-blocks-advanced-heading-b4549e36\" class=\"wp-block-themeisle-blocks-advanced-heading wp-block-themeisle-blocks-advanced-heading-b4549e36\"><br><br><\/span>\n<\/div>\n\n\n\n<div class=\"wp-block-themeisle-blocks-advanced-column\" id=\"wp-block-themeisle-blocks-advanced-column-7abab17f\"><\/div>\n<\/div><\/div>\n","protected":false},"excerpt":{"rendered":"","protected":false},"author":1,"featured_media":0,"parent":0,"menu_order":0,"comment_status":"closed","ping_status":"closed","template":"","meta":{"neve_meta_sidebar":"full-width","neve_meta_container":"","neve_meta_enable_content_width":"on","neve_meta_content_width":100,"neve_meta_title_alignment":"","neve_meta_author_avatar":"","neve_post_elements_order":"","neve_meta_disable_header":"off","neve_meta_disable_footer":"","neve_meta_disable_title":"on","_themeisle_gutenberg_block_has_review":false,"footnotes":""},"class_list":["post-533","page","type-page","status-publish","hentry"],"_links":{"self":[{"href":"https:\/\/strefaruchu.com\/luban\/wp-json\/wp\/v2\/pages\/533","targetHints":{"allow":["GET"]}}],"collection":[{"href":"https:\/\/strefaruchu.com\/luban\/wp-json\/wp\/v2\/pages"}],"about":[{"href":"https:\/\/strefaruchu.com\/luban\/wp-json\/wp\/v2\/types\/page"}],"author":[{"embeddable":true,"href":"https:\/\/strefaruchu.com\/luban\/wp-json\/wp\/v2\/users\/1"}],"replies":[{"embeddable":true,"href":"https:\/\/strefaruchu.com\/luban\/wp-json\/wp\/v2\/comments?post=533"}],"version-history":[{"count":9,"href":"https:\/\/strefaruchu.com\/luban\/wp-json\/wp\/v2\/pages\/533\/revisions"}],"predecessor-version":[{"id":641,"href":"https:\/\/strefaruchu.com\/luban\/wp-json\/wp\/v2\/pages\/533\/revisions\/641"}],"wp:attachment":[{"href":"https:\/\/strefaruchu.com\/luban\/wp-json\/wp\/v2\/media?parent=533"}],"curies":[{"name":"wp","href":"https:\/\/api.w.org\/{rel}","templated":true}]}}