{"id":587,"date":"2022-11-19T19:51:52","date_gmt":"2022-11-19T18:51:52","guid":{"rendered":"http:\/\/strefaruchu.com\/luban\/?page_id=587"},"modified":"2022-11-19T19:58:57","modified_gmt":"2022-11-19T18:58:57","slug":"dotacje-ue","status":"publish","type":"page","link":"https:\/\/strefaruchu.com\/luban\/dotacje-ue\/","title":{"rendered":"Dotacje UE"},"content":{"rendered":"\n<figure class=\"wp-block-gallery aligncenter has-nested-images columns-default is-cropped wp-block-gallery-1 is-layout-flex wp-block-gallery-is-layout-flex\">\n<figure class=\"wp-block-image size-large\"><img loading=\"lazy\" decoding=\"async\" width=\"1024\" height=\"334\" data-id=\"597\" src=\"http:\/\/strefaruchu.com\/luban\/wp-content\/uploads\/2022\/11\/flaga_UE-do-prawej-1-1024x334.jpg\" alt=\"\" class=\"wp-image-597\" srcset=\"https:\/\/strefaruchu.com\/luban\/wp-content\/uploads\/2022\/11\/flaga_UE-do-prawej-1-1024x334.jpg 1024w, https:\/\/strefaruchu.com\/luban\/wp-content\/uploads\/2022\/11\/flaga_UE-do-prawej-1-300x98.jpg 300w, https:\/\/strefaruchu.com\/luban\/wp-content\/uploads\/2022\/11\/flaga_UE-do-prawej-1-768x251.jpg 768w, https:\/\/strefaruchu.com\/luban\/wp-content\/uploads\/2022\/11\/flaga_UE-do-prawej-1.jpg 1447w\" sizes=\"auto, (max-width: 1024px) 100vw, 1024px\" \/><\/figure>\n<\/figure>\n\n\n\n<div class=\"wp-block-themeisle-blocks-advanced-columns alignfull has-1-columns has-desktop-equal-layout has-tablet-equal-layout has-mobile-equal-layout has-default-gap has-vertical-center\" id=\"wp-block-themeisle-blocks-advanced-columns-4e0d671d\"><div class=\"wp-block-themeisle-blocks-advanced-columns-overlay\"><\/div><div class=\"innerblocks-wrap\">\n<div class=\"wp-block-themeisle-blocks-advanced-column\" id=\"wp-block-themeisle-blocks-advanced-column-d4d96d4a\">\n<h1 id=\"wp-block-themeisle-blocks-advanced-heading-6297c131\" class=\"wp-block-themeisle-blocks-advanced-heading wp-block-themeisle-blocks-advanced-heading-6297c131\">Dotacje UE<\/h1>\n<\/div>\n<\/div><\/div>\n\n\n\n<div class=\"wp-block-columns is-layout-flex wp-container-core-columns-is-layout-9d6595d7 wp-block-columns-is-layout-flex\">\n<div class=\"wp-block-column is-layout-flow wp-block-column-is-layout-flow\" style=\"flex-basis:100%\">\n<p class=\"has-text-align-center\">Firma realizuje projekt pt. &#8222;Dywersyfikacja i dzia\u0142ania<br>&nbsp;&nbsp;&nbsp;&nbsp;&nbsp;&nbsp;&nbsp; rozwojowe <strong>FIT LADY MARTA JAWORSKA<\/strong>, jako szansa na<br>&nbsp;&nbsp;&nbsp;&nbsp;&nbsp;&nbsp;&nbsp; przezwyci\u0119\u017cenie kryzysu&#8221;.<\/p>\n\n\n\n<p class=\"has-text-align-center\">G\u0142\u00f3wnym celem projektu jest wprowadzenie do oferty nowej<br>&nbsp;&nbsp;&nbsp;&nbsp;&nbsp;&nbsp;&nbsp; us\u0142ugi, kt\u00f3ra dotychczas nie by\u0142a realizowana w firmie &#8211; us\u0142ug<br>&nbsp;&nbsp;&nbsp;&nbsp;&nbsp;&nbsp;&nbsp; tlenoterapii. W tym celu niezb\u0119dny jest zakup specjalnej komory<br>&nbsp;&nbsp;&nbsp;&nbsp;&nbsp;&nbsp;&nbsp; hiperbarycznej. Opr\u00f3cz tego projekt zak\u0142ada zakup<br>&nbsp;&nbsp;&nbsp;&nbsp;&nbsp;&nbsp;&nbsp; zestawu maszyn i wyposa\u017cenia do nowego lokalu si\u0142owni.<br>&nbsp;&nbsp;&nbsp;&nbsp;&nbsp;&nbsp;&nbsp; Dzi\u0119ki projektowi \u015bwiadczone us\u0142ugi nie b\u0119d\u0105 mia\u0142y charakteru<br>&nbsp;&nbsp;&nbsp;&nbsp;&nbsp;&nbsp;&nbsp; wy\u0142\u0105cznie sportowo-rekreacyjnego, ale te\u017c prozdrowotne, czy<br>&nbsp;&nbsp;&nbsp;&nbsp;&nbsp;&nbsp;&nbsp; pozwalaj\u0105ce na \u0142atwiejszy powr\u00f3t do zdrowia po chorobie.<\/p>\n\n\n\n<p class=\"has-text-align-center\">Termin realizacji projektu: <strong>01.08.2021-30.09.2022.<\/strong><\/p>\n\n\n\n<p class=\"has-text-align-center\">Warto\u015b\u0107 wydatk\u00f3w og\u00f3\u0142em: <strong>384 769,39 PLN<\/strong><\/p>\n\n\n\n<p class=\"has-text-align-center\">Wk\u0142ad Funduszy Europejskich:<strong> 250 256,52 PLN<\/strong><\/p>\n\n\n\n<p class=\"has-text-align-center\"><\/p>\n<\/div>\n<\/div>\n\n\n\n<figure class=\"wp-block-gallery has-nested-images columns-default is-cropped wp-block-gallery-2 is-layout-flex wp-block-gallery-is-layout-flex\">\n<figure class=\"wp-block-image size-large\"><img loading=\"lazy\" decoding=\"async\" width=\"1024\" height=\"170\" data-id=\"579\" src=\"http:\/\/strefaruchu.com\/luban\/wp-content\/uploads\/2022\/11\/FE_PR-DS-UE_EFFR-poziom-PL-kolor-1024x170.jpg\" alt=\"\" class=\"wp-image-579\" srcset=\"https:\/\/strefaruchu.com\/luban\/wp-content\/uploads\/2022\/11\/FE_PR-DS-UE_EFFR-poziom-PL-kolor-1024x170.jpg 1024w, https:\/\/strefaruchu.com\/luban\/wp-content\/uploads\/2022\/11\/FE_PR-DS-UE_EFFR-poziom-PL-kolor-300x50.jpg 300w, https:\/\/strefaruchu.com\/luban\/wp-content\/uploads\/2022\/11\/FE_PR-DS-UE_EFFR-poziom-PL-kolor-768x128.jpg 768w, https:\/\/strefaruchu.com\/luban\/wp-content\/uploads\/2022\/11\/FE_PR-DS-UE_EFFR-poziom-PL-kolor-1536x256.jpg 1536w, https:\/\/strefaruchu.com\/luban\/wp-content\/uploads\/2022\/11\/FE_PR-DS-UE_EFFR-poziom-PL-kolor.jpg 1898w\" sizes=\"auto, (max-width: 1024px) 100vw, 1024px\" \/><figcaption class=\"wp-element-caption\">Sfinansowano w ramach reakcji Unii na pandemi\u0119 COVID-19<\/figcaption><\/figure>\n<\/figure>\n","protected":false},"excerpt":{"rendered":"<p>Firma realizuje projekt pt. &#8222;Dywersyfikacja i dzia\u0142ania&nbsp;&nbsp;&nbsp;&nbsp;&nbsp;&nbsp;&nbsp; rozwojowe FIT LADY MARTA JAWORSKA, jako szansa na&nbsp;&nbsp;&nbsp;&nbsp;&nbsp;&nbsp;&nbsp; przezwyci\u0119\u017cenie kryzysu&#8221;. G\u0142\u00f3wnym celem projektu jest wprowadzenie do oferty nowej&nbsp;&nbsp;&nbsp;&nbsp;&nbsp;&nbsp;&nbsp; us\u0142ugi, kt\u00f3ra dotychczas nie by\u0142a realizowana w firmie &#8211; us\u0142ug&nbsp;&nbsp;&nbsp;&nbsp;&nbsp;&nbsp;&nbsp; tlenoterapii. W tym celu niezb\u0119dny jest zakup specjalnej komory&nbsp;&nbsp;&nbsp;&nbsp;&nbsp;&nbsp;&nbsp; hiperbarycznej. Opr\u00f3cz tego projekt zak\u0142ada zakup&nbsp;&nbsp;&nbsp;&nbsp;&nbsp;&nbsp;&nbsp; zestawu maszyn i wyposa\u017cenia do&hellip;&nbsp;<a href=\"https:\/\/strefaruchu.com\/luban\/dotacje-ue\/\" class=\"\" rel=\"bookmark\">Czytaj dalej &raquo;<span class=\"screen-reader-text\">Dotacje UE<\/span><\/a><\/p>\n","protected":false},"author":1,"featured_media":0,"parent":0,"menu_order":0,"comment_status":"closed","ping_status":"closed","template":"","meta":{"neve_meta_sidebar":"full-width","neve_meta_container":"","neve_meta_enable_content_width":"on","neve_meta_content_width":100,"neve_meta_title_alignment":"","neve_meta_author_avatar":"","neve_post_elements_order":"","neve_meta_disable_header":"off","neve_meta_disable_footer":"","neve_meta_disable_title":"on","_themeisle_gutenberg_block_has_review":false,"footnotes":""},"class_list":["post-587","page","type-page","status-publish","hentry"],"_links":{"self":[{"href":"https:\/\/strefaruchu.com\/luban\/wp-json\/wp\/v2\/pages\/587","targetHints":{"allow":["GET"]}}],"collection":[{"href":"https:\/\/strefaruchu.com\/luban\/wp-json\/wp\/v2\/pages"}],"about":[{"href":"https:\/\/strefaruchu.com\/luban\/wp-json\/wp\/v2\/types\/page"}],"author":[{"embeddable":true,"href":"https:\/\/strefaruchu.com\/luban\/wp-json\/wp\/v2\/users\/1"}],"replies":[{"embeddable":true,"href":"https:\/\/strefaruchu.com\/luban\/wp-json\/wp\/v2\/comments?post=587"}],"version-history":[{"count":5,"href":"https:\/\/strefaruchu.com\/luban\/wp-json\/wp\/v2\/pages\/587\/revisions"}],"predecessor-version":[{"id":598,"href":"https:\/\/strefaruchu.com\/luban\/wp-json\/wp\/v2\/pages\/587\/revisions\/598"}],"wp:attachment":[{"href":"https:\/\/strefaruchu.com\/luban\/wp-json\/wp\/v2\/media?parent=587"}],"curies":[{"name":"wp","href":"https:\/\/api.w.org\/{rel}","templated":true}]}}